{"id":61,"date":"2016-11-11T09:53:17","date_gmt":"2016-11-11T08:53:17","guid":{"rendered":"http:\/\/solenetardivon.com\/?page_id=61"},"modified":"2019-03-12T09:50:14","modified_gmt":"2019-03-12T08:50:14","slug":"presentation","status":"publish","type":"page","link":"https:\/\/solenetardivon.com\/index.php\/presentation\/","title":{"rendered":"A propos"},"content":{"rendered":"<div  class=\"one withsmallpadding ppb_header \" style=\"text-align:left;padding:30px 0 30px 0;\" >\n<div class=\"standard_wrapper\">\n<div class=\"page_content_wrapper\">\n<div class=\"inner\">\n<div style=\"margin:auto;width:100%\">\n<h2 class=\"ppb_title\" style=\"\">Immortaliser vos plus beaux souvenirs<\/h2>\n<hr class=\"title_break left\" style=\"\"\/>\n<div class=\"ppb_header_content\">\n<p style=\"text-align: center;\">\n<p>Que vous ayez envie de garder une trace de votre <strong>mariage<\/strong>, d&#8217;un instant entre <strong>amis<\/strong> ou en <strong>familles<\/strong>, ou de la taille de la naissance de <strong>b\u00e9b\u00e9<\/strong>, je m&#8217;occupe de mettre en images les <em>moments les plus importants de votre vie. <\/em><\/p>\n<p>Discr\u00e8te, je garde le plus <strong>d&#8217;authenticit\u00e9<\/strong> possible \u00e0 ces moments-l\u00e0, capter vos \u00e9motions les plus sinc\u00e8res pour que vous puissiez les revivre encore et encore.<\/p>\n<p>J&#8217;attache la plus grande importance \u00e0 <em>vos souhaits et \u00e0 vos envies,<\/em> c&#8217;est pourquoi je vous demande de m&#8217;expliquer votre projet en d\u00e9tails sous la <a href=\"https:\/\/solenetardivon.com\/index.php\/contact\/\"><strong>rubrique contact<\/strong><\/a>, pour que je puisse m&#8217;int\u00e9grer dans votre routine, entrer dans votre univers et l&#8217;inscrire \u00e0 travers mon oeil de photographe de la meilleure mani\u00e8re possible.<\/p>\n<p>Belle journ\u00e9e, et a tr\u00e8s vite !<\/p>\n<p><em>Sol\u00e8ne <\/em><\/p>\n<p><img decoding=\"async\" loading=\"lazy\" class=\"aligncenter size-full wp-image-816\" src=\"https:\/\/solenetardivon.com\/wp-content\/uploads\/2017\/10\/autoportrait.gif\" alt=\"\" width=\"200\" height=\"200\" \/><\/p>\n<\/div>\n<\/div>\n<\/div>\n<\/div>\n<\/div>\n<\/div>\n<div  class=\"one withsmallpadding ppb_header \" style=\"text-align:left;padding:30px 0 30px 0;\" >\n<div class=\"standard_wrapper\">\n<div class=\"page_content_wrapper\">\n<div class=\"inner\">\n<div style=\"margin:auto;width:100%\">\n<h2 class=\"ppb_title\" style=\"\">Vos gentils mots<\/h2>\n<\/div>\n<\/div>\n<\/div>\n<\/div>\n<\/div>\n<div  class=\"one withsmallpadding ppb_header \" style=\"text-align:left;padding:30px 0 30px 0;\" >\n<div class=\"standard_wrapper\">\n<div class=\"page_content_wrapper\">\n<div class=\"inner\">\n<div style=\"margin:auto;width:100%\">\n<h2 class=\"ppb_title\" style=\"\">Vos gentils mots<\/h2>\n<\/div>\n<\/div>\n<\/div>\n<\/div>\n<\/div>\n","protected":false},"excerpt":{"rendered":"<p>Immortaliser vos plus beaux souvenirs Que vous ayez envie de garder une trace de votre mariage, d&#8217;un instant entre amis ou en familles, ou de la taille de la naissance de b\u00e9b\u00e9, je m&#8217;occupe de mettre en images les moments les plus importants de votre vie. Discr\u00e8te, je garde le plus d&#8217;authenticit\u00e9 possible \u00e0 ces &hellip; <\/p>\n<p class=\"link-more\"><a href=\"https:\/\/solenetardivon.com\/index.php\/presentation\/\" class=\"more-link\">Lire la suite de<span class=\"screen-reader-text\">\u00ab\u00a0A propos\u00a0\u00bb<\/span><\/a><\/p>\n","protected":false},"author":1,"featured_media":0,"parent":0,"menu_order":6,"comment_status":"closed","ping_status":"closed","template":"","meta":{"_seopress_robots_primary_cat":"","_seopress_titles_title":"","_seopress_titles_desc":"","_seopress_robots_index":"","_monsterinsights_skip_tracking":false,"_monsterinsights_sitenote_active":false,"_monsterinsights_sitenote_note":"","_monsterinsights_sitenote_category":0},"_links":{"self":[{"href":"https:\/\/solenetardivon.com\/index.php\/wp-json\/wp\/v2\/pages\/61"}],"collection":[{"href":"https:\/\/solenetardivon.com\/index.php\/wp-json\/wp\/v2\/pages"}],"about":[{"href":"https:\/\/solenetardivon.com\/index.php\/wp-json\/wp\/v2\/types\/page"}],"author":[{"embeddable":true,"href":"https:\/\/solenetardivon.com\/index.php\/wp-json\/wp\/v2\/users\/1"}],"replies":[{"embeddable":true,"href":"https:\/\/solenetardivon.com\/index.php\/wp-json\/wp\/v2\/comments?post=61"}],"version-history":[{"count":31,"href":"https:\/\/solenetardivon.com\/index.php\/wp-json\/wp\/v2\/pages\/61\/revisions"}],"predecessor-version":[{"id":2592,"href":"https:\/\/solenetardivon.com\/index.php\/wp-json\/wp\/v2\/pages\/61\/revisions\/2592"}],"wp:attachment":[{"href":"https:\/\/solenetardivon.com\/index.php\/wp-json\/wp\/v2\/media?parent=61"}],"curies":[{"name":"wp","href":"https:\/\/api.w.org\/{rel}","templated":true}]}}