{"id":2593,"date":"2019-03-12T09:56:30","date_gmt":"2019-03-12T08:56:30","guid":{"rendered":"https:\/\/solenetardivon.com\/?page_id=2593"},"modified":"2019-03-12T10:00:40","modified_gmt":"2019-03-12T09:00:40","slug":"vos-avis","status":"publish","type":"page","link":"https:\/\/solenetardivon.com\/index.php\/vos-avis\/","title":{"rendered":"Vos avis"},"content":{"rendered":"<div class=\"standard_wrapper\">\n<div  class=\"one withsmallpadding ppb_testimonial_column\" style=\"padding:30px 0 30px 0;\" >\n<div class=\"page_content_wrapper\">\n<div class=\"inner\">\n<div class=\"testimonial_wrapper\">\n<div class=\"one_fourth testimonial_column_element animated1 \">\n<div class=\"testimonial_image animated\" data-animation=\"bigEntrance\"><img decoding=\"async\" class=\"team_pic\" src=\"https:\/\/solenetardivon.com\/wp-content\/uploads\/2018\/10\/Mariage_1-150x150.jpg\" alt=\"\"\/><\/div>\n<div class=\"testimonial_content\"><strong>S&amp;N &#8211;\u00a0<\/strong><\/p>\n<p>Sol\u00e8ne a assur\u00e9 les photographies pour notre mariage ! Sa prestation est top. Son travail nous correspond tout \u00e0 fait ! Sol\u00e8ne a r\u00e9alis\u00e9 sa prestation en toute discr\u00e9tion avec beaucoup de r\u00e9ussite !<\/p><\/div>\n<\/div>\n<div class=\"one_fourth testimonial_column_element animated2 \">\n<div class=\"testimonial_image animated\" data-animation=\"bigEntrance\"><img decoding=\"async\" class=\"team_pic\" src=\"https:\/\/solenetardivon.com\/wp-content\/uploads\/2018\/10\/Portrait-Naissance-Romane_3-150x150.jpg\" alt=\"\"\/><\/div>\n<div class=\"testimonial_content\"><strong>Pierre &amp; C\u00e9cile &#8211;<\/strong>\u00a0Sol\u00e8ne a photographi\u00e9 notre fille deux semaines apr\u00e8s sa naissance, et r\u00e9alis\u00e9 des prises de vues de la famille par la m\u00eame occasion. Sa d\u00e9licatesse, son empathie, sa gentillesse et son sens de l\u2019adaptation ont fait de cette s\u00e9ance un joli moment de plaisir et de tendresse. Le r\u00e9sultat nous a combl\u00e9s, nous disposons d\u2019une galerie de photos naturelles et lumineuses, qui fixent \u00e0 merveille cette p\u00e9riode si particuli\u00e8re li\u00e9e \u00e0 l\u2019arriv\u00e9e d\u2019un enfant. Bravo pour ton professionnalisme Sol\u00e8ne, et merci !<\/div>\n<\/div>\n<div class=\"one_fourth testimonial_column_element animated3 \">\n<div class=\"testimonial_image animated\" data-animation=\"bigEntrance\"><img decoding=\"async\" class=\"team_pic\" src=\"https:\/\/solenetardivon.com\/wp-content\/uploads\/2019\/02\/87-150x150.jpg\" alt=\"\"\/><\/div>\n<div class=\"testimonial_content\"><strong>Manon &amp; ses soeurs &#8211;<\/strong>\u00a0Un shooting en famille super sympa, une photographe souriante et de qualit\u00e9, un r\u00e9sultat impressionnant et plein d&rsquo;\u00e9motions ! Merci !<\/div>\n<\/div>\n<div class=\"one_fourth testimonial_column_element animated4 last\">\n<div class=\"testimonial_image animated\" data-animation=\"bigEntrance\"><img decoding=\"async\" class=\"team_pic\" src=\"https:\/\/solenetardivon.com\/wp-content\/uploads\/2019\/01\/Claire_39-150x150.jpg\" alt=\"\"\/><\/div>\n<div class=\"testimonial_content\"><strong>Benedicte<\/strong> &#8211;\u00a0J&rsquo;ai re\u00e7u de la part de mes enfants un cadre avec plusieurs photos de bonnes qualit\u00e9s avec des poses int\u00e9ressantes prises par Sol\u00e8ne.<br \/>\nJe recommande cette photographe.<\/div>\n<\/div>\n<div class=\"one_fourth testimonial_column_element animated5 \">\n<div class=\"testimonial_image animated\" data-animation=\"bigEntrance\"><img decoding=\"async\" class=\"team_pic\" src=\"https:\/\/solenetardivon.com\/wp-content\/uploads\/2019\/01\/Claire_11-150x150.jpg\" alt=\"\"\/><\/div>\n<div class=\"testimonial_content\">\n<div><strong>Claire &#8211;<\/strong> Sol\u00e8ne est une jeune photographe comp\u00e9tente \u00e0 l&rsquo;\u00e9coute de nos attentes.<\/div>\n<div>Tr\u00e8s sympathique, nous avons pass\u00e9 un agr\u00e9able moment en sa compagnie et la qualit\u00e9 des photos en atteste.<\/div>\n<\/div>\n<\/div>\n<div class=\"one_fourth testimonial_column_element animated6 \">\n<div class=\"testimonial_image animated\" data-animation=\"bigEntrance\"><img decoding=\"async\" class=\"team_pic\" src=\"https:\/\/solenetardivon.com\/wp-content\/uploads\/2018\/03\/Manon_4-150x150.jpg\" alt=\"\"\/><\/div>\n<div class=\"testimonial_content\"><strong>Charlotte &amp; Thomas &#8211;<\/strong>\u00a0Agr\u00e9able moment pass\u00e9 avec Sol\u00e8ne lors de la s\u00e9ance photo pour la naissance de ma fille. Les d\u00e9cors ont \u00e9t\u00e9 choisis avec go\u00fbt.<\/p>\n<div dir=\"auto\">Je n&rsquo;ai pas h\u00e9sit\u00e9 \u00e0 la recontacter pour faire les photos du bapt\u00eame de ma fille. Les plus belles photos ont \u00e9t\u00e9 rassembl\u00e9 dans un album photo personnalis\u00e9. Le r\u00e9sultat est magnifique.<\/div>\n<div dir=\"auto\">Je vous la recommande pour vos shooting photos ou pour tout autres \u00e9v\u00e9nements.<\/div>\n<\/div>\n<\/div>\n<div class=\"one_fourth testimonial_column_element animated7 \">\n<div class=\"testimonial_image animated\" data-animation=\"bigEntrance\"><img decoding=\"async\" class=\"team_pic\" src=\"https:\/\/solenetardivon.com\/wp-content\/uploads\/2018\/12\/Mariage-Skalli_58-150x150.jpg\" alt=\"\"\/><\/div>\n<div class=\"testimonial_content\"><strong>Y&amp;S &#8211;\u00a0<\/strong> Merci Sol\u00e8ne d\u2019avoir immortalis\u00e9 notre mariage, nous vous remercions pour votre grande \u00e9coute, votre professionnalisme ainsi que votre compr\u00e9hension;<\/p>\n<div>SMY et SMS pour l\u2019\u00e9ternit\u00e9.<\/div>\n<\/div>\n<\/div>\n<div class=\"one_fourth testimonial_column_element animated8 last\">\n<div class=\"testimonial_image animated\" data-animation=\"bigEntrance\"><img decoding=\"async\" class=\"team_pic\" src=\"https:\/\/solenetardivon.com\/wp-content\/uploads\/2018\/12\/Rohn_2-150x150.jpg\" alt=\"\"\/><\/div>\n<div class=\"testimonial_content\"><strong>Am\u00e9lie &#8211;<\/strong>\u00a0Je vous remercie pour les photos. Elles sont justes MAGNIFIQUE. elles sont tr\u00e8s tr\u00e8s belle.<br \/>\nUn tr\u00e8s beau travail. Encore MERCI.<\/div>\n<\/div>\n<div class=\"one_fourth testimonial_column_element animated9 \">\n<div class=\"testimonial_image animated\" data-animation=\"bigEntrance\"><img decoding=\"async\" class=\"team_pic\" src=\"https:\/\/solenetardivon.com\/wp-content\/uploads\/2018\/12\/Bapte\u0302meManon_54-150x150.jpg\" alt=\"\"\/><\/div>\n<div class=\"testimonial_content\"><strong>Patience &amp; Laurent &#8211;<\/strong>\u00a0Sol\u00e8ne a photographi\u00e9 le bapt\u00eame de notre fille. Nous l&rsquo;avons trouv\u00e9e tr\u00e8s professionnelle ! Elle a su capturer de tr\u00e8s beaux instants, en s&rsquo;adaptant rapidement, en se pla\u00e7ant toujours aux bons endroits, avec une discr\u00e9tion exemplaire. Nous sommes ravis de l&rsquo;avoir choisie et lui avons demand\u00e9 un album photo souvenir, qu&rsquo;elle a pu nous cr\u00e9er, c&rsquo;est parfait ! Merci Sol\u00e8ne<\/div>\n<\/div>\n<div class=\"one_fourth testimonial_column_element animated10 \">\n<div class=\"testimonial_image animated\" data-animation=\"bigEntrance\"><img decoding=\"async\" class=\"team_pic\" src=\"https:\/\/solenetardivon.com\/wp-content\/uploads\/2018\/12\/BaptemeJeanne_41-150x150.jpg\" alt=\"\"\/><\/div>\n<div class=\"testimonial_content\"><strong>Charline &#8211;<\/strong><\/p>\n<p>Photographe tr\u00e8s professionnelle, avec un grand sens de l&rsquo;esth\u00e9tique.<br \/>\nDiscr\u00e8te lors de la c\u00e9r\u00e9monie tout en \u00e9tant tr\u00e8s efficace.<br \/>\nAttentionn\u00e9e ,r\u00e9pondant bien aux attentes particuli\u00e8res du client.<br \/>\n\u00c0 recommander +++<\/p><\/div>\n<\/div>\n<div class=\"one_fourth testimonial_column_element animated11 \">\n<div class=\"testimonial_image animated\" data-animation=\"bigEntrance\"><img decoding=\"async\" class=\"team_pic\" src=\"https:\/\/solenetardivon.com\/wp-content\/uploads\/2018\/10\/Les-patisseries-dHelene_6-150x150.jpg\" alt=\"\"\/><\/div>\n<div class=\"testimonial_content\"><strong>Les p\u00e2tisseries d&rsquo;H\u00e9l\u00e8ne &#8211;\u00a0<\/strong><\/p>\n<p>Solene est tr\u00e8s professionnelle. Photos tr\u00e8s reussi et surtout tr\u00e8s vite envoy\u00e9es; merci pour tout et \u00e0 tr\u00e8s vite!<\/p><\/div>\n<\/div>\n<div class=\"one_fourth testimonial_column_element animated12 last\">\n<div class=\"testimonial_image animated\" data-animation=\"bigEntrance\"><img decoding=\"async\" class=\"team_pic\" src=\"https:\/\/solenetardivon.com\/wp-content\/uploads\/2018\/04\/Mariage-Canelle-et-Antoine131-150x150.jpg\" alt=\"\"\/><\/div>\n<div class=\"testimonial_content\"><strong>Antoine &amp; Canelle &#8211;\u00a0<\/strong><\/p>\n<p>Un grand merci de nous avoir d\u00e9panner en derni\u00e8re minute !<br \/>\nTon travail est remarquable et soign\u00e9.<br \/>\nOn est limite d\u00e9\u00e7u quand on se rend compte qu&rsquo;il n&rsquo;y a plus de photos \u00e0 regarder.<br \/>\nUn Grand Merci \u00e0 toi !<\/p><\/div>\n<\/div>\n<div class=\"one_fourth testimonial_column_element animated13 \">\n<div class=\"testimonial_image animated\" data-animation=\"bigEntrance\"><img decoding=\"async\" class=\"team_pic\" src=\"https:\/\/solenetardivon.com\/wp-content\/uploads\/2018\/10\/Portrait-Edgar_2-150x150.jpg\" alt=\"\"\/><\/div>\n<div class=\"testimonial_content\"><strong>Edgar &#8211;\u00a0<\/strong><\/p>\n<p>Super photographe, tr\u00e8s pro qui connait son domaine ! Elle est \u00e0 l&rsquo;\u00e9coute et sait s&rsquo;adapter, je recommande !<\/p><\/div>\n<\/div>\n<div class=\"one_fourth testimonial_column_element animated14 \">\n<div class=\"testimonial_image animated\" data-animation=\"bigEntrance\"><img decoding=\"async\" class=\"team_pic\" src=\"https:\/\/solenetardivon.com\/wp-content\/uploads\/2018\/10\/Portrait-Pauline_11-150x150.jpg\" alt=\"\"\/><\/div>\n<div class=\"testimonial_content\"><strong>Pauline &#8211;\u00a0<\/strong><\/p>\n<p>Sol\u00e8ne est une photographe professionnelle, investie et souriante qui met son sujet en confiance devant son objectif. Les photos ont \u00e9t\u00e9 livr\u00e9es tr\u00e8s rapidement et sont tr\u00e8s r\u00e9ussies !<\/p><\/div>\n<\/div>\n<div class=\"one_fourth testimonial_column_element animated15 \">\n<div class=\"testimonial_image animated\" data-animation=\"bigEntrance\"><img decoding=\"async\" class=\"team_pic\" src=\"https:\/\/solenetardivon.com\/wp-content\/uploads\/2019\/03\/se\u0301ance-naissance_4-150x150.jpg\" alt=\"\"\/><\/div>\n<div class=\"testimonial_content\"><strong>M\u00e9lanie &#8211;<\/strong> Superbes s\u00e9ances photo. Je recommande cette photographe qui en plus se d\u00e9place \u00e0 domicile donc tr\u00e8s pratique. S\u2019adapte aux besoins du b\u00e9b\u00e9 tout comme l\u2019allaitement. Personne sympathique. Les photos sont magnifiques. Merci beaucoup \u00e0 vous.<\/div>\n<\/div>\n<\/div>\n<\/div>\n<\/div>\n<\/div>\n<\/div>\n","protected":false},"excerpt":{"rendered":"<p>S&amp;N &#8211;\u00a0 Sol\u00e8ne a assur\u00e9 les photographies pour notre mariage ! Sa prestation est top. Son travail nous correspond tout \u00e0 fait ! Sol\u00e8ne a r\u00e9alis\u00e9 sa prestation en toute discr\u00e9tion avec beaucoup de r\u00e9ussite ! Pierre &amp; C\u00e9cile &#8211;\u00a0Sol\u00e8ne a photographi\u00e9 notre fille deux semaines apr\u00e8s sa naissance, et r\u00e9alis\u00e9 des prises de vues &hellip; <\/p>\n<p class=\"link-more\"><a href=\"https:\/\/solenetardivon.com\/index.php\/vos-avis\/\" class=\"more-link\">Lire la suite de<span class=\"screen-reader-text\">\u00ab\u00a0Vos avis\u00a0\u00bb<\/span><\/a><\/p>\n","protected":false},"author":1,"featured_media":0,"parent":0,"menu_order":0,"comment_status":"closed","ping_status":"closed","template":"","meta":{"_seopress_robots_primary_cat":"","_seopress_titles_title":"","_seopress_titles_desc":"","_seopress_robots_index":"","_monsterinsights_skip_tracking":false,"_monsterinsights_sitenote_active":false,"_monsterinsights_sitenote_note":"","_monsterinsights_sitenote_category":0},"_links":{"self":[{"href":"https:\/\/solenetardivon.com\/index.php\/wp-json\/wp\/v2\/pages\/2593"}],"collection":[{"href":"https:\/\/solenetardivon.com\/index.php\/wp-json\/wp\/v2\/pages"}],"about":[{"href":"https:\/\/solenetardivon.com\/index.php\/wp-json\/wp\/v2\/types\/page"}],"author":[{"embeddable":true,"href":"https:\/\/solenetardivon.com\/index.php\/wp-json\/wp\/v2\/users\/1"}],"replies":[{"embeddable":true,"href":"https:\/\/solenetardivon.com\/index.php\/wp-json\/wp\/v2\/comments?post=2593"}],"version-history":[{"count":2,"href":"https:\/\/solenetardivon.com\/index.php\/wp-json\/wp\/v2\/pages\/2593\/revisions"}],"predecessor-version":[{"id":2597,"href":"https:\/\/solenetardivon.com\/index.php\/wp-json\/wp\/v2\/pages\/2593\/revisions\/2597"}],"wp:attachment":[{"href":"https:\/\/solenetardivon.com\/index.php\/wp-json\/wp\/v2\/media?parent=2593"}],"curies":[{"name":"wp","href":"https:\/\/api.w.org\/{rel}","templated":true}]}}